{"id":278,"date":"2025-03-12T16:19:37","date_gmt":"2025-03-12T15:19:37","guid":{"rendered":"http:\/\/celinedubois.fr\/?page_id=278"},"modified":"2026-04-04T15:14:01","modified_gmt":"2026-04-04T13:14:01","slug":"elementor-278","status":"publish","type":"page","link":"http:\/\/celinedubois.fr\/index.php\/elementor-278\/","title":{"rendered":"affiches \u00e0 t\u00e9l\u00e9charger C\u00e9line Dubois"},"content":{"rendered":"\t\t<div data-elementor-type=\"wp-page\" data-elementor-id=\"278\" class=\"elementor elementor-278\">\n\t\t\t\t<div class=\"elementor-element elementor-element-5675143 e-flex e-con-boxed e-con e-parent\" data-id=\"5675143\" data-element_type=\"container\">\n\t\t\t\t\t<div class=\"e-con-inner\">\n\t\t<div class=\"elementor-element elementor-element-ed9fef2 e-con-full e-flex e-con e-child\" data-id=\"ed9fef2\" data-element_type=\"container\">\n\t\t\t\t<div class=\"elementor-element elementor-element-4d2cdf0 elementor-widget elementor-widget-image\" data-id=\"4d2cdf0\" data-element_type=\"widget\" data-widget_type=\"image.default\">\n\t\t\t\t<div class=\"elementor-widget-container\">\n\t\t\t\t\t\t\t\t\t\t\t\t<figure class=\"wp-caption\">\n\t\t\t\t\t\t\t\t\t\t\t<a href=\"http:\/\/celinedubois.fr\/wp-content\/uploads\/2026\/04\/dalida.jpg\" data-elementor-open-lightbox=\"yes\" data-elementor-lightbox-title=\"dalida\" data-e-action-hash=\"#elementor-action%3Aaction%3Dlightbox%26settings%3DeyJpZCI6NDM4LCJ1cmwiOiJodHRwOlwvXC9jZWxpbmVkdWJvaXMuZnJcL3dwLWNvbnRlbnRcL3VwbG9hZHNcLzIwMjZcLzA0XC9kYWxpZGEuanBnIn0%3D\">\n\t\t\t\t\t\t\t<img fetchpriority=\"high\" decoding=\"async\" width=\"683\" height=\"1024\" src=\"http:\/\/celinedubois.fr\/wp-content\/uploads\/2026\/04\/dalida-683x1024.jpg\" class=\"attachment-large size-large wp-image-438\" alt=\"\" srcset=\"http:\/\/celinedubois.fr\/wp-content\/uploads\/2026\/04\/dalida-683x1024.jpg 683w, http:\/\/celinedubois.fr\/wp-content\/uploads\/2026\/04\/dalida-200x300.jpg 200w, http:\/\/celinedubois.fr\/wp-content\/uploads\/2026\/04\/dalida-768x1152.jpg 768w, http:\/\/celinedubois.fr\/wp-content\/uploads\/2026\/04\/dalida.jpg 1024w\" sizes=\"(max-width: 683px) 100vw, 683px\" \/>\t\t\t\t\t\t\t\t<\/a>\n\t\t\t\t\t\t\t\t\t\t\t<figcaption class=\"widget-image-caption wp-caption-text\">Pour t\u00e9l\u00e9charger l'image en format Jpg, cliquez dessus puis avec le bouton droit de votre souris \"enregistrer l'image sous\"<\/figcaption>\n\t\t\t\t\t\t\t\t\t\t<\/figure>\n\t\t\t\t\t\t\t\t\t<\/div>\n\t\t\t\t<\/div>\n\t\t\t\t<\/div>\n\t\t<div class=\"elementor-element elementor-element-7562059 e-con-full e-flex e-con e-child\" data-id=\"7562059\" data-element_type=\"container\">\n\t\t\t\t<div class=\"elementor-element elementor-element-77b4398 elementor-widget elementor-widget-image\" data-id=\"77b4398\" data-element_type=\"widget\" data-widget_type=\"image.default\">\n\t\t\t\t<div class=\"elementor-widget-container\">\n\t\t\t\t\t\t\t\t\t\t\t\t<figure class=\"wp-caption\">\n\t\t\t\t\t\t\t\t\t\t\t<a href=\"http:\/\/celinedubois.fr\/wp-content\/uploads\/2025\/04\/affiche-Merci-Nini.png\" data-elementor-open-lightbox=\"yes\" data-elementor-lightbox-title=\"affiche Merci Nini\" data-e-action-hash=\"#elementor-action%3Aaction%3Dlightbox%26settings%3DeyJpZCI6MzU2LCJ1cmwiOiJodHRwOlwvXC9jZWxpbmVkdWJvaXMuZnJcL3dwLWNvbnRlbnRcL3VwbG9hZHNcLzIwMjVcLzA0XC9hZmZpY2hlLU1lcmNpLU5pbmkucG5nIn0%3D\">\n\t\t\t\t\t\t\t<img decoding=\"async\" width=\"696\" height=\"1024\" src=\"http:\/\/celinedubois.fr\/wp-content\/uploads\/2025\/04\/affiche-Merci-Nini-696x1024.png\" class=\"attachment-large size-large wp-image-356\" alt=\"\" srcset=\"http:\/\/celinedubois.fr\/wp-content\/uploads\/2025\/04\/affiche-Merci-Nini-696x1024.png 696w, http:\/\/celinedubois.fr\/wp-content\/uploads\/2025\/04\/affiche-Merci-Nini-204x300.png 204w, http:\/\/celinedubois.fr\/wp-content\/uploads\/2025\/04\/affiche-Merci-Nini-768x1130.png 768w, http:\/\/celinedubois.fr\/wp-content\/uploads\/2025\/04\/affiche-Merci-Nini-1044x1536.png 1044w, http:\/\/celinedubois.fr\/wp-content\/uploads\/2025\/04\/affiche-Merci-Nini-1391x2048.png 1391w, http:\/\/celinedubois.fr\/wp-content\/uploads\/2025\/04\/affiche-Merci-Nini.png 1674w\" sizes=\"(max-width: 696px) 100vw, 696px\" \/>\t\t\t\t\t\t\t\t<\/a>\n\t\t\t\t\t\t\t\t\t\t\t<figcaption class=\"widget-image-caption wp-caption-text\">Pour t\u00e9l\u00e9charger l'image en format Jpg, cliquez dessus puis avec le bouton droit de votre souris \"enregistrer l'image sous\"<\/figcaption>\n\t\t\t\t\t\t\t\t\t\t<\/figure>\n\t\t\t\t\t\t\t\t\t<\/div>\n\t\t\t\t<\/div>\n\t\t\t\t<\/div>\n\t\t<div class=\"elementor-element elementor-element-54a9939 e-con-full e-flex e-con e-child\" data-id=\"54a9939\" data-element_type=\"container\">\n\t\t\t\t<div class=\"elementor-element elementor-element-9e42233 elementor-widget elementor-widget-image\" data-id=\"9e42233\" data-element_type=\"widget\" data-widget_type=\"image.default\">\n\t\t\t\t<div class=\"elementor-widget-container\">\n\t\t\t\t\t\t\t\t\t\t\t\t<figure class=\"wp-caption\">\n\t\t\t\t\t\t\t\t\t\t\t<a href=\"http:\/\/celinedubois.fr\/wp-content\/uploads\/2026\/04\/Madame-Cece.jpeg\" data-elementor-open-lightbox=\"yes\" data-elementor-lightbox-title=\"Madame C\u00e9c\u00e9\" data-e-action-hash=\"#elementor-action%3Aaction%3Dlightbox%26settings%3DeyJpZCI6NDQwLCJ1cmwiOiJodHRwOlwvXC9jZWxpbmVkdWJvaXMuZnJcL3dwLWNvbnRlbnRcL3VwbG9hZHNcLzIwMjZcLzA0XC9NYWRhbWUtQ2VjZS5qcGVnIn0%3D\">\n\t\t\t\t\t\t\t<img decoding=\"async\" width=\"683\" height=\"1024\" src=\"http:\/\/celinedubois.fr\/wp-content\/uploads\/2026\/04\/Madame-Cece-683x1024.jpeg\" class=\"attachment-large size-large wp-image-440\" alt=\"\" srcset=\"http:\/\/celinedubois.fr\/wp-content\/uploads\/2026\/04\/Madame-Cece-683x1024.jpeg 683w, http:\/\/celinedubois.fr\/wp-content\/uploads\/2026\/04\/Madame-Cece-200x300.jpeg 200w, http:\/\/celinedubois.fr\/wp-content\/uploads\/2026\/04\/Madame-Cece-768x1152.jpeg 768w, http:\/\/celinedubois.fr\/wp-content\/uploads\/2026\/04\/Madame-Cece.jpeg 1024w\" sizes=\"(max-width: 683px) 100vw, 683px\" \/>\t\t\t\t\t\t\t\t<\/a>\n\t\t\t\t\t\t\t\t\t\t\t<figcaption class=\"widget-image-caption wp-caption-text\">Pour t\u00e9l\u00e9charger l'image en format Jpg, cliquez dessus puis avec le bouton droit de votre souris \"enregistrer l'image sous\"<\/figcaption>\n\t\t\t\t\t\t\t\t\t\t<\/figure>\n\t\t\t\t\t\t\t\t\t<\/div>\n\t\t\t\t<\/div>\n\t\t\t\t<\/div>\n\t\t<div class=\"elementor-element elementor-element-c97cdfd e-con-full e-flex e-con e-child\" data-id=\"c97cdfd\" data-element_type=\"container\">\n\t\t\t\t<div class=\"elementor-element elementor-element-f5a05b1 elementor-widget elementor-widget-button\" data-id=\"f5a05b1\" data-element_type=\"widget\" data-widget_type=\"button.default\">\n\t\t\t\t<div class=\"elementor-widget-container\">\n\t\t\t\t\t\t\t\t\t<div class=\"elementor-button-wrapper\">\n\t\t\t\t\t<a class=\"elementor-button elementor-button-link elementor-size-sm\" href=\"#\" target=\"_blank\">\n\t\t\t\t\t\t<span class=\"elementor-button-content-wrapper\">\n\t\t\t\t\t\t\t\t\t<span class=\"elementor-button-text\">Cliquez ici pour t\u00e9l\u00e9charger l'affiche en format pdf<\/span>\n\t\t\t\t\t<\/span>\n\t\t\t\t\t<\/a>\n\t\t\t\t<\/div>\n\t\t\t\t\t\t\t\t<\/div>\n\t\t\t\t<\/div>\n\t\t\t\t<\/div>\n\t\t<div class=\"elementor-element elementor-element-3ee1d14 e-con-full e-flex e-con e-child\" data-id=\"3ee1d14\" data-element_type=\"container\">\n\t\t\t\t<div class=\"elementor-element elementor-element-c418de6 elementor-widget elementor-widget-button\" data-id=\"c418de6\" data-element_type=\"widget\" data-widget_type=\"button.default\">\n\t\t\t\t<div class=\"elementor-widget-container\">\n\t\t\t\t\t\t\t\t\t<div class=\"elementor-button-wrapper\">\n\t\t\t\t\t<a class=\"elementor-button elementor-button-link elementor-size-sm\" href=\"#\" target=\"_blank\">\n\t\t\t\t\t\t<span class=\"elementor-button-content-wrapper\">\n\t\t\t\t\t\t\t\t\t<span class=\"elementor-button-text\">Cliquez ici pour t\u00e9l\u00e9charger l'affiche en format pdf<\/span>\n\t\t\t\t\t<\/span>\n\t\t\t\t\t<\/a>\n\t\t\t\t<\/div>\n\t\t\t\t\t\t\t\t<\/div>\n\t\t\t\t<\/div>\n\t\t\t\t<\/div>\n\t\t<div class=\"elementor-element elementor-element-f1e7900 e-con-full e-flex e-con e-child\" data-id=\"f1e7900\" data-element_type=\"container\">\n\t\t\t\t<div class=\"elementor-element elementor-element-1d44252 elementor-widget elementor-widget-button\" data-id=\"1d44252\" data-element_type=\"widget\" data-widget_type=\"button.default\">\n\t\t\t\t<div class=\"elementor-widget-container\">\n\t\t\t\t\t\t\t\t\t<div class=\"elementor-button-wrapper\">\n\t\t\t\t\t<a class=\"elementor-button elementor-size-sm\" role=\"button\">\n\t\t\t\t\t\t<span class=\"elementor-button-content-wrapper\">\n\t\t\t\t\t\t\t\t\t<span class=\"elementor-button-text\">Cliquez ici pour t\u00e9l\u00e9charger l'affiche en format pdf<\/span>\n\t\t\t\t\t<\/span>\n\t\t\t\t\t<\/a>\n\t\t\t\t<\/div>\n\t\t\t\t\t\t\t\t<\/div>\n\t\t\t\t<\/div>\n\t\t\t\t<\/div>\n\t\t\t\t\t<\/div>\n\t\t\t\t<\/div>\n\t\t<div class=\"elementor-element elementor-element-238ccbb e-flex e-con-boxed e-con e-parent\" data-id=\"238ccbb\" data-element_type=\"container\">\n\t\t\t\t\t<div class=\"e-con-inner\">\n\t\t<div class=\"elementor-element elementor-element-0433d84 e-con-full e-flex e-con e-child\" data-id=\"0433d84\" data-element_type=\"container\">\n\t\t\t\t<div class=\"elementor-element elementor-element-56d9d8e elementor-widget elementor-widget-image\" data-id=\"56d9d8e\" data-element_type=\"widget\" data-widget_type=\"image.default\">\n\t\t\t\t<div class=\"elementor-widget-container\">\n\t\t\t\t\t\t\t\t\t\t\t\t<figure class=\"wp-caption\">\n\t\t\t\t\t\t\t\t\t\t\t<a href=\"http:\/\/celinedubois.fr\/wp-content\/uploads\/2026\/04\/tubes-un-jour-tubes-toujours.jpeg\" data-elementor-open-lightbox=\"yes\" data-elementor-lightbox-title=\"tubes un jour, tubes toujours\" data-e-action-hash=\"#elementor-action%3Aaction%3Dlightbox%26settings%3DeyJpZCI6NDQxLCJ1cmwiOiJodHRwOlwvXC9jZWxpbmVkdWJvaXMuZnJcL3dwLWNvbnRlbnRcL3VwbG9hZHNcLzIwMjZcLzA0XC90dWJlcy11bi1qb3VyLXR1YmVzLXRvdWpvdXJzLmpwZWcifQ%3D%3D\">\n\t\t\t\t\t\t\t<img loading=\"lazy\" decoding=\"async\" width=\"683\" height=\"1024\" src=\"http:\/\/celinedubois.fr\/wp-content\/uploads\/2026\/04\/tubes-un-jour-tubes-toujours-683x1024.jpeg\" class=\"attachment-large size-large wp-image-441\" alt=\"\" srcset=\"http:\/\/celinedubois.fr\/wp-content\/uploads\/2026\/04\/tubes-un-jour-tubes-toujours-683x1024.jpeg 683w, http:\/\/celinedubois.fr\/wp-content\/uploads\/2026\/04\/tubes-un-jour-tubes-toujours-200x300.jpeg 200w, http:\/\/celinedubois.fr\/wp-content\/uploads\/2026\/04\/tubes-un-jour-tubes-toujours-768x1152.jpeg 768w, http:\/\/celinedubois.fr\/wp-content\/uploads\/2026\/04\/tubes-un-jour-tubes-toujours.jpeg 1024w\" sizes=\"(max-width: 683px) 100vw, 683px\" \/>\t\t\t\t\t\t\t\t<\/a>\n\t\t\t\t\t\t\t\t\t\t\t<figcaption class=\"widget-image-caption wp-caption-text\">Pour t\u00e9l\u00e9charger l'image en format Jpg, cliquez dessus puis avec le bouton droit de votre souris \"enregistrer l'image sous\"<\/figcaption>\n\t\t\t\t\t\t\t\t\t\t<\/figure>\n\t\t\t\t\t\t\t\t\t<\/div>\n\t\t\t\t<\/div>\n\t\t\t\t<\/div>\n\t\t<div class=\"elementor-element elementor-element-014008a e-con-full e-flex e-con e-child\" data-id=\"014008a\" data-element_type=\"container\">\n\t\t\t\t<div class=\"elementor-element elementor-element-120a85c elementor-widget elementor-widget-image\" data-id=\"120a85c\" data-element_type=\"widget\" data-widget_type=\"image.default\">\n\t\t\t\t<div class=\"elementor-widget-container\">\n\t\t\t\t\t\t\t\t\t\t\t\t<figure class=\"wp-caption\">\n\t\t\t\t\t\t\t\t\t\t\t<a href=\"http:\/\/celinedubois.fr\/wp-content\/uploads\/2026\/04\/duo-si-seniors.jpeg\" data-elementor-open-lightbox=\"yes\" data-elementor-lightbox-title=\"duo si seniors\" data-e-action-hash=\"#elementor-action%3Aaction%3Dlightbox%26settings%3DeyJpZCI6NDQyLCJ1cmwiOiJodHRwOlwvXC9jZWxpbmVkdWJvaXMuZnJcL3dwLWNvbnRlbnRcL3VwbG9hZHNcLzIwMjZcLzA0XC9kdW8tc2ktc2VuaW9ycy5qcGVnIn0%3D\">\n\t\t\t\t\t\t\t<img loading=\"lazy\" decoding=\"async\" width=\"683\" height=\"1024\" src=\"http:\/\/celinedubois.fr\/wp-content\/uploads\/2026\/04\/duo-si-seniors-683x1024.jpeg\" class=\"attachment-large size-large wp-image-442\" alt=\"\" srcset=\"http:\/\/celinedubois.fr\/wp-content\/uploads\/2026\/04\/duo-si-seniors-683x1024.jpeg 683w, http:\/\/celinedubois.fr\/wp-content\/uploads\/2026\/04\/duo-si-seniors-200x300.jpeg 200w, http:\/\/celinedubois.fr\/wp-content\/uploads\/2026\/04\/duo-si-seniors-768x1152.jpeg 768w, http:\/\/celinedubois.fr\/wp-content\/uploads\/2026\/04\/duo-si-seniors.jpeg 1024w\" sizes=\"(max-width: 683px) 100vw, 683px\" \/>\t\t\t\t\t\t\t\t<\/a>\n\t\t\t\t\t\t\t\t\t\t\t<figcaption class=\"widget-image-caption wp-caption-text\">Pour t\u00e9l\u00e9charger l'image en format Jpg, cliquez dessus puis avec le bouton droit de votre souris \"enregistrer l'image sous\"<\/figcaption>\n\t\t\t\t\t\t\t\t\t\t<\/figure>\n\t\t\t\t\t\t\t\t\t<\/div>\n\t\t\t\t<\/div>\n\t\t\t\t<\/div>\n\t\t<div class=\"elementor-element elementor-element-6620811 e-con-full e-flex e-con e-child\" data-id=\"6620811\" data-element_type=\"container\">\n\t\t\t\t<\/div>\n\t\t<div class=\"elementor-element elementor-element-270aad4 e-con-full e-flex e-con e-child\" data-id=\"270aad4\" data-element_type=\"container\">\n\t\t\t\t<div class=\"elementor-element elementor-element-8ca3cc9 elementor-widget elementor-widget-button\" data-id=\"8ca3cc9\" data-element_type=\"widget\" data-widget_type=\"button.default\">\n\t\t\t\t<div class=\"elementor-widget-container\">\n\t\t\t\t\t\t\t\t\t<div class=\"elementor-button-wrapper\">\n\t\t\t\t\t<a class=\"elementor-button elementor-button-link elementor-size-sm\" href=\"#\" target=\"_blank\">\n\t\t\t\t\t\t<span class=\"elementor-button-content-wrapper\">\n\t\t\t\t\t\t\t\t\t<span class=\"elementor-button-text\">Cliquez ici pour t\u00e9l\u00e9charger l'affiche en format pdf<\/span>\n\t\t\t\t\t<\/span>\n\t\t\t\t\t<\/a>\n\t\t\t\t<\/div>\n\t\t\t\t\t\t\t\t<\/div>\n\t\t\t\t<\/div>\n\t\t\t\t<\/div>\n\t\t<div class=\"elementor-element elementor-element-b02fe83 e-con-full e-flex e-con e-child\" data-id=\"b02fe83\" data-element_type=\"container\">\n\t\t\t\t<div class=\"elementor-element elementor-element-7abedf4 elementor-widget elementor-widget-button\" data-id=\"7abedf4\" data-element_type=\"widget\" data-widget_type=\"button.default\">\n\t\t\t\t<div class=\"elementor-widget-container\">\n\t\t\t\t\t\t\t\t\t<div class=\"elementor-button-wrapper\">\n\t\t\t\t\t<a class=\"elementor-button elementor-button-link elementor-size-sm\" href=\"#\">\n\t\t\t\t\t\t<span class=\"elementor-button-content-wrapper\">\n\t\t\t\t\t\t\t\t\t<span class=\"elementor-button-text\">Cliquez ici pour t\u00e9l\u00e9charger l'affiche en format pdf<\/span>\n\t\t\t\t\t<\/span>\n\t\t\t\t\t<\/a>\n\t\t\t\t<\/div>\n\t\t\t\t\t\t\t\t<\/div>\n\t\t\t\t<\/div>\n\t\t\t\t<\/div>\n\t\t<div class=\"elementor-element elementor-element-7d5fec2 e-con-full e-flex e-con e-child\" data-id=\"7d5fec2\" data-element_type=\"container\">\n\t\t\t\t<\/div>\n\t\t\t\t\t<\/div>\n\t\t\t\t<\/div>\n\t\t\t\t<\/div>\n\t\t","protected":false},"excerpt":{"rendered":"<p>Pour t\u00e9l\u00e9charger l&#8217;image en format Jpg, cliquez dessus puis avec le bouton droit de votre souris &#8220;enregistrer l&#8217;image sous&#8221; Pour t\u00e9l\u00e9charger l&#8217;image en format Jpg, cliquez dessus puis avec le bouton droit de votre souris &#8220;enregistrer l&#8217;image sous&#8221; Pour t\u00e9l\u00e9charger l&#8217;image en format Jpg, cliquez dessus puis avec le bouton droit de votre souris &#8220;enregistrer [&hellip;]<\/p>\n","protected":false},"author":1,"featured_media":0,"parent":0,"menu_order":0,"comment_status":"closed","ping_status":"closed","template":"elementor_header_footer","meta":{"ocean_post_layout":"","ocean_both_sidebars_style":"","ocean_both_sidebars_content_width":0,"ocean_both_sidebars_sidebars_width":0,"ocean_sidebar":"","ocean_second_sidebar":"","ocean_disable_margins":"enable","ocean_add_body_class":"","ocean_shortcode_before_top_bar":"","ocean_shortcode_after_top_bar":"","ocean_shortcode_before_header":"","ocean_shortcode_after_header":"","ocean_has_shortcode":"","ocean_shortcode_after_title":"","ocean_shortcode_before_footer_widgets":"","ocean_shortcode_after_footer_widgets":"","ocean_shortcode_before_footer_bottom":"","ocean_shortcode_after_footer_bottom":"","ocean_display_top_bar":"default","ocean_display_header":"default","ocean_header_style":"","ocean_center_header_left_menu":"","ocean_custom_header_template":"","ocean_custom_logo":0,"ocean_custom_retina_logo":0,"ocean_custom_logo_max_width":0,"ocean_custom_logo_tablet_max_width":0,"ocean_custom_logo_mobile_max_width":0,"ocean_custom_logo_max_height":0,"ocean_custom_logo_tablet_max_height":0,"ocean_custom_logo_mobile_max_height":0,"ocean_header_custom_menu":"","ocean_menu_typo_font_family":"","ocean_menu_typo_font_subset":"","ocean_menu_typo_font_size":0,"ocean_menu_typo_font_size_tablet":0,"ocean_menu_typo_font_size_mobile":0,"ocean_menu_typo_font_size_unit":"px","ocean_menu_typo_font_weight":"","ocean_menu_typo_font_weight_tablet":"","ocean_menu_typo_font_weight_mobile":"","ocean_menu_typo_transform":"","ocean_menu_typo_transform_tablet":"","ocean_menu_typo_transform_mobile":"","ocean_menu_typo_line_height":0,"ocean_menu_typo_line_height_tablet":0,"ocean_menu_typo_line_height_mobile":0,"ocean_menu_typo_line_height_unit":"","ocean_menu_typo_spacing":0,"ocean_menu_typo_spacing_tablet":0,"ocean_menu_typo_spacing_mobile":0,"ocean_menu_typo_spacing_unit":"","ocean_menu_link_color":"","ocean_menu_link_color_hover":"","ocean_menu_link_color_active":"","ocean_menu_link_background":"","ocean_menu_link_hover_background":"","ocean_menu_link_active_background":"","ocean_menu_social_links_bg":"","ocean_menu_social_hover_links_bg":"","ocean_menu_social_links_color":"","ocean_menu_social_hover_links_color":"","ocean_disable_title":"default","ocean_disable_heading":"default","ocean_post_title":"","ocean_post_subheading":"","ocean_post_title_style":"","ocean_post_title_background_color":"","ocean_post_title_background":0,"ocean_post_title_bg_image_position":"","ocean_post_title_bg_image_attachment":"","ocean_post_title_bg_image_repeat":"","ocean_post_title_bg_image_size":"","ocean_post_title_height":0,"ocean_post_title_bg_overlay":0.5,"ocean_post_title_bg_overlay_color":"","ocean_disable_breadcrumbs":"default","ocean_breadcrumbs_color":"","ocean_breadcrumbs_separator_color":"","ocean_breadcrumbs_links_color":"","ocean_breadcrumbs_links_hover_color":"","ocean_display_footer_widgets":"default","ocean_display_footer_bottom":"default","ocean_custom_footer_template":"","footnotes":""},"class_list":["post-278","page","type-page","status-publish","hentry","entry"],"_links":{"self":[{"href":"http:\/\/celinedubois.fr\/index.php\/wp-json\/wp\/v2\/pages\/278","targetHints":{"allow":["GET"]}}],"collection":[{"href":"http:\/\/celinedubois.fr\/index.php\/wp-json\/wp\/v2\/pages"}],"about":[{"href":"http:\/\/celinedubois.fr\/index.php\/wp-json\/wp\/v2\/types\/page"}],"author":[{"embeddable":true,"href":"http:\/\/celinedubois.fr\/index.php\/wp-json\/wp\/v2\/users\/1"}],"replies":[{"embeddable":true,"href":"http:\/\/celinedubois.fr\/index.php\/wp-json\/wp\/v2\/comments?post=278"}],"version-history":[{"count":68,"href":"http:\/\/celinedubois.fr\/index.php\/wp-json\/wp\/v2\/pages\/278\/revisions"}],"predecessor-version":[{"id":459,"href":"http:\/\/celinedubois.fr\/index.php\/wp-json\/wp\/v2\/pages\/278\/revisions\/459"}],"wp:attachment":[{"href":"http:\/\/celinedubois.fr\/index.php\/wp-json\/wp\/v2\/media?parent=278"}],"curies":[{"name":"wp","href":"https:\/\/api.w.org\/{rel}","templated":true}]}}